{"id":2516,"date":"2023-10-23T10:56:19","date_gmt":"2023-10-23T10:56:19","guid":{"rendered":"https:\/\/phacus.com\/?page_id=2516"},"modified":"2023-12-13T10:55:09","modified_gmt":"2023-12-13T10:55:09","slug":"accesibilidad","status":"publish","type":"page","link":"https:\/\/phacus.com\/es\/accesibilidad\/","title":{"rendered":"Accesibilidad"},"content":{"rendered":"\t\t<div data-elementor-type=\"wp-page\" data-elementor-id=\"2516\" class=\"elementor elementor-2516\" data-elementor-post-type=\"page\">\n\t\t\t\t<div class=\"elementor-element elementor-element-eb43525 e-flex e-con-boxed e-con e-parent\" data-id=\"eb43525\" data-element_type=\"container\" data-settings=\"{&quot;content_width&quot;:&quot;boxed&quot;}\" data-core-v316-plus=\"true\">\n\t\t\t\t\t<div class=\"e-con-inner\">\n\t\t\t\t<div class=\"elementor-element elementor-element-96fb1b3 elementor-widget elementor-widget-heading\" data-id=\"96fb1b3\" data-element_type=\"widget\" data-widget_type=\"heading.default\">\n\t\t\t\t<div class=\"elementor-widget-container\">\n\t\t\t<style>\/*! elementor - v3.19.0 - 29-01-2024 *\/\n.elementor-heading-title{padding:0;margin:0;line-height:1}.elementor-widget-heading .elementor-heading-title[class*=elementor-size-]>a{color:inherit;font-size:inherit;line-height:inherit}.elementor-widget-heading .elementor-heading-title.elementor-size-small{font-size:15px}.elementor-widget-heading .elementor-heading-title.elementor-size-medium{font-size:19px}.elementor-widget-heading .elementor-heading-title.elementor-size-large{font-size:29px}.elementor-widget-heading .elementor-heading-title.elementor-size-xl{font-size:39px}.elementor-widget-heading .elementor-heading-title.elementor-size-xxl{font-size:59px}<\/style><h2 class=\"elementor-heading-title elementor-size-default\">Accesibilidad<\/h2>\t\t<\/div>\n\t\t\t\t<\/div>\n\t\t\t\t<div class=\"elementor-element elementor-element-100a6a3 elementor-widget elementor-widget-text-editor\" data-id=\"100a6a3\" data-element_type=\"widget\" data-widget_type=\"text-editor.default\">\n\t\t\t\t<div class=\"elementor-widget-container\">\n\t\t\t<style>\/*! elementor - v3.19.0 - 29-01-2024 *\/\n.elementor-widget-text-editor.elementor-drop-cap-view-stacked .elementor-drop-cap{background-color:#69727d;color:#fff}.elementor-widget-text-editor.elementor-drop-cap-view-framed .elementor-drop-cap{color:#69727d;border:3px solid;background-color:transparent}.elementor-widget-text-editor:not(.elementor-drop-cap-view-default) .elementor-drop-cap{margin-top:8px}.elementor-widget-text-editor:not(.elementor-drop-cap-view-default) .elementor-drop-cap-letter{width:1em;height:1em}.elementor-widget-text-editor .elementor-drop-cap{float:left;text-align:center;line-height:1;font-size:50px}.elementor-widget-text-editor .elementor-drop-cap-letter{display:inline-block}<\/style>\t\t\t\t<p>La presente declaraci\u00f3n de accesibilidad se aplica al sitio web https:\/\/phacus.com<\/p><p><b>SITUACI\u00d3N DE CUMPLIMIENTO<\/b><\/p><p>Este sitio web es parcialmente conforme con el RD 1112\/2018 debido a las excepciones y a la falta de conformidad de los aspectos que se indican en el siguiente punto.<\/p><p><b>CONTENIDO NO ACCESIBLE<\/b><\/p><p>El contenido que se recoge a continuaci\u00f3n no es accesible por lo siguiente:<br \/>\u2013 Falta de conformidad con el RD 1112\/2018<br \/>\u2013 Podr\u00edan existir algunos aspectos de contraste que no cumplan los m\u00ednimos exigidos, 3:1, con respecto a los colores adyacentes del fondo de la secci\u00f3n de la web en cuesti\u00f3n. [9.1.4.11 Contraste no textual] [9 .1.4.11 Non-text contrast]<br \/>\u2013 Podr\u00edan existir algunas etiquetas o instrucciones no etiquetadas correctamente [9.3.3.2 Etiquetas o instrucciones] [9 .3.3.2 Labels or instructions]<br \/>Podr\u00edan existir mensajes de estado que no cumplan con los m\u00ednimos exigidos [9.4.1.3 Mensajes de estado] [9 .4.1.3 Status messages]<br \/>\u2013 Podr\u00edan existir sugerencias ante errores que no cumplan con los m\u00ednimos exigidos [9.3.3.3 Sugerencias ante errores (condicional)] [9 .3.3.3 Suggestions for errors (conditional)]<br \/>\u2013 Podr\u00edan existir fallos en la navegaci\u00f3n secuencial por la p\u00e1gina web afectando a su significado o su operaci\u00f3n [9.2.4.3 Orden del foco] [9 .2.4.3 Focus order]<br \/>\u2013 No es posible evitar que las personas que interact\u00faan mediante entradas de voz activen los elementos de interacci\u00f3n de forma accidental [requisito 9.2.1.4 \u2013 Atajos con teclas de caracteres] [requirement 9.2.1.4 \u2013 Character Key Shortcuts]<br \/>\u2013 Podr\u00edan existir fallos puntuales de edici\u00f3n en alguna p\u00e1gina web<br \/>Carga desproporcionada<br \/>No aplica.<\/p><p><b>PREPARACI\u00d3N DE LA SIGUIENTE DECLARACI\u00d3N DE ACCESIBILIDAD<\/b><\/p><p>La presente declaraci\u00f3n fue preparada el 13 de Diciembre de 2023.<br \/>El m\u00e9todo empleado para preparar la declaraci\u00f3n ha sido una autoevaluaci\u00f3n llevada a cabo por la propia empresa.<\/p><p><b>OBSERVACIONES Y DATOS DE CONTACTO<\/b><\/p><p>Puede realizar comunicaciones sobre requisitos de accesibilidad (art\u00edculo 10.2.a del RD 1112\/2018) como, por ejemplo:<br \/>\u2013 Informar sobre cualquier posible incumplimiento por parte de este sitio web<br \/>\u2013 Transmitir otras dificultades de acceso al contenido<br \/>\u2013 Formular cualquier otra consulta o sugerencia de mejora relativa a la accesibilidad del sitio web<br \/>A trav\u00e9s del email de contacto <span class=\"notion-enable-hover\" data-token-index=\"0\">cesc@cccp.barcelona<\/span><!-- notionvc: f981c153-1b76-440c-99ba-1958141a4f0a -->.<br \/>Puede presentar:<br \/>\u2013 Queja relativa al cumplimiento de los requisitos del RD 1112\/2018 o<br \/>\u2013 Solicitud de Informaci\u00f3n accesible relativa a:<br \/>Contenidos que est\u00e1n excluidos del \u00e1mbito de aplicaci\u00f3n del RD 1112\/2018 seg\u00fan lo establecido por el art\u00edculo 3, apartado 4<br \/>Contenidos que est\u00e1n exentos del cumplimiento de los requisitos de accesibilidad por imponer una carga desproporcionada.<br \/>En la Solicitud de informaci\u00f3n accesible, se debe concretar, con toda claridad, los hechos, razones y petici\u00f3n que permitan constatar que se trata de una solicitud razonable y leg\u00edtima.<br \/>Las quejas y reclamaciones sobre informaci\u00f3n accesible se realizar\u00e1n a trav\u00e9s del email anterior.<\/p><p><b>\u00a0<\/b><\/p><p><b>PROCEDIMIENTO DE APLICACI\u00d3N<\/b><\/p><p>Si una vez realizada una solicitud de informaci\u00f3n accesible o queja, \u00e9sta hubiera sido desestimada, no se estuviera de acuerdo con la decisi\u00f3n adoptada, o la respuesta no cumpliera los requisitos contemplados en el art\u00edculo 12.5, la persona interesada podr\u00e1 iniciar una reclamaci\u00f3n. Igualmente se podr\u00e1 iniciar una reclamaci\u00f3n en el caso de que haya transcurrido el plazo de veinte d\u00edas h\u00e1biles sin haber obtenido respuesta.<\/p>\t\t\t\t\t\t<\/div>\n\t\t\t\t<\/div>\n\t\t\t\t\t<\/div>\n\t\t\t\t<\/div>\n\t\t\t\t<\/div>\n\t\t","protected":false},"excerpt":{"rendered":"<p>Accesibilidad La presente declaraci\u00f3n de accesibilidad se aplica al sitio web https:\/\/phacus.com SITUACI\u00d3N DE CUMPLIMIENTO Este sitio web es parcialmente conforme con el RD 1112\/2018 debido a las excepciones y a la falta de conformidad de los aspectos que se indican en el siguiente punto. CONTENIDO NO ACCESIBLE El contenido<\/p>\n<div class=\"post-button\">\n\t\t\t   <a href=\"https:\/\/phacus.com\/es\/accesibilidad\/\">Read More<\/a>\n\t\t\t<\/div>\n","protected":false},"author":1,"featured_media":0,"parent":0,"menu_order":0,"comment_status":"closed","ping_status":"closed","template":"template-page.php","meta":{"_vp_format_video_url":"","_vp_image_focal_point":[],"footnotes":""},"class_list":["post-2516","page","type-page","status-publish","hentry"],"acf":[],"yoast_head":"<!-- This site is optimized with the Yoast SEO plugin v27.4 - https:\/\/yoast.com\/product\/yoast-seo-wordpress\/ -->\n<title>Accesibilidad - Phacus<\/title>\n<meta name=\"robots\" content=\"index, follow, max-snippet:-1, max-image-preview:large, max-video-preview:-1\" \/>\n<link rel=\"canonical\" href=\"https:\/\/phacus.com\/es\/accesibilidad\/\" \/>\n<meta property=\"og:locale\" content=\"es_ES\" \/>\n<meta property=\"og:type\" content=\"article\" \/>\n<meta property=\"og:title\" content=\"Accesibilidad - Phacus\" \/>\n<meta property=\"og:description\" content=\"Accesibilidad La presente declaraci\u00f3n de accesibilidad se aplica al sitio web https:\/\/phacus.com SITUACI\u00d3N DE CUMPLIMIENTO Este sitio web es parcialmente conforme con el RD 1112\/2018 debido a las excepciones y a la falta de conformidad de los aspectos que se indican en el siguiente punto. CONTENIDO NO ACCESIBLE El contenido    Read More\" \/>\n<meta property=\"og:url\" content=\"https:\/\/phacus.com\/es\/accesibilidad\/\" \/>\n<meta property=\"og:site_name\" content=\"Phacus\" \/>\n<meta property=\"article:modified_time\" content=\"2023-12-13T10:55:09+00:00\" \/>\n<meta name=\"twitter:card\" content=\"summary_large_image\" \/>\n<meta name=\"twitter:label1\" content=\"Tiempo de lectura\" \/>\n\t<meta name=\"twitter:data1\" content=\"3 minutos\" \/>\n<script type=\"application\/ld+json\" class=\"yoast-schema-graph\">{\"@context\":\"https:\\\/\\\/schema.org\",\"@graph\":[{\"@type\":\"WebPage\",\"@id\":\"https:\\\/\\\/phacus.com\\\/es\\\/accesibilidad\\\/\",\"url\":\"https:\\\/\\\/phacus.com\\\/es\\\/accesibilidad\\\/\",\"name\":\"Accesibilidad - Phacus\",\"isPartOf\":{\"@id\":\"https:\\\/\\\/phacus.com\\\/es\\\/#website\"},\"datePublished\":\"2023-10-23T10:56:19+00:00\",\"dateModified\":\"2023-12-13T10:55:09+00:00\",\"breadcrumb\":{\"@id\":\"https:\\\/\\\/phacus.com\\\/es\\\/accesibilidad\\\/#breadcrumb\"},\"inLanguage\":\"es\",\"potentialAction\":[{\"@type\":\"ReadAction\",\"target\":[\"https:\\\/\\\/phacus.com\\\/es\\\/accesibilidad\\\/\"]}]},{\"@type\":\"BreadcrumbList\",\"@id\":\"https:\\\/\\\/phacus.com\\\/es\\\/accesibilidad\\\/#breadcrumb\",\"itemListElement\":[{\"@type\":\"ListItem\",\"position\":1,\"name\":\"Portada\",\"item\":\"https:\\\/\\\/phacus.com\\\/es\\\/\"},{\"@type\":\"ListItem\",\"position\":2,\"name\":\"Accesibilidad\"}]},{\"@type\":\"WebSite\",\"@id\":\"https:\\\/\\\/phacus.com\\\/es\\\/#website\",\"url\":\"https:\\\/\\\/phacus.com\\\/es\\\/\",\"name\":\"Phacus\",\"description\":\"Cesc Cam\u00ed\",\"publisher\":{\"@id\":\"https:\\\/\\\/phacus.com\\\/es\\\/#organization\"},\"potentialAction\":[{\"@type\":\"SearchAction\",\"target\":{\"@type\":\"EntryPoint\",\"urlTemplate\":\"https:\\\/\\\/phacus.com\\\/es\\\/?s={search_term_string}\"},\"query-input\":{\"@type\":\"PropertyValueSpecification\",\"valueRequired\":true,\"valueName\":\"search_term_string\"}}],\"inLanguage\":\"es\"},{\"@type\":\"Organization\",\"@id\":\"https:\\\/\\\/phacus.com\\\/es\\\/#organization\",\"name\":\"Phacus\",\"url\":\"https:\\\/\\\/phacus.com\\\/es\\\/\",\"logo\":{\"@type\":\"ImageObject\",\"inLanguage\":\"es\",\"@id\":\"https:\\\/\\\/phacus.com\\\/es\\\/#\\\/schema\\\/logo\\\/image\\\/\",\"url\":\"https:\\\/\\\/phacus.com\\\/wp-content\\\/uploads\\\/2023\\\/10\\\/Logo-Phacus-1-linea-1.png\",\"contentUrl\":\"https:\\\/\\\/phacus.com\\\/wp-content\\\/uploads\\\/2023\\\/10\\\/Logo-Phacus-1-linea-1.png\",\"width\":7578,\"height\":1092,\"caption\":\"Phacus\"},\"image\":{\"@id\":\"https:\\\/\\\/phacus.com\\\/es\\\/#\\\/schema\\\/logo\\\/image\\\/\"}}]}<\/script>\n<!-- \/ Yoast SEO plugin. -->","yoast_head_json":{"title":"Accesibilidad - Phacus","robots":{"index":"index","follow":"follow","max-snippet":"max-snippet:-1","max-image-preview":"max-image-preview:large","max-video-preview":"max-video-preview:-1"},"canonical":"https:\/\/phacus.com\/es\/accesibilidad\/","og_locale":"es_ES","og_type":"article","og_title":"Accesibilidad - Phacus","og_description":"Accesibilidad La presente declaraci\u00f3n de accesibilidad se aplica al sitio web https:\/\/phacus.com SITUACI\u00d3N DE CUMPLIMIENTO Este sitio web es parcialmente conforme con el RD 1112\/2018 debido a las excepciones y a la falta de conformidad de los aspectos que se indican en el siguiente punto. CONTENIDO NO ACCESIBLE El contenido    Read More","og_url":"https:\/\/phacus.com\/es\/accesibilidad\/","og_site_name":"Phacus","article_modified_time":"2023-12-13T10:55:09+00:00","twitter_card":"summary_large_image","twitter_misc":{"Tiempo de lectura":"3 minutos"},"schema":{"@context":"https:\/\/schema.org","@graph":[{"@type":"WebPage","@id":"https:\/\/phacus.com\/es\/accesibilidad\/","url":"https:\/\/phacus.com\/es\/accesibilidad\/","name":"Accesibilidad - Phacus","isPartOf":{"@id":"https:\/\/phacus.com\/es\/#website"},"datePublished":"2023-10-23T10:56:19+00:00","dateModified":"2023-12-13T10:55:09+00:00","breadcrumb":{"@id":"https:\/\/phacus.com\/es\/accesibilidad\/#breadcrumb"},"inLanguage":"es","potentialAction":[{"@type":"ReadAction","target":["https:\/\/phacus.com\/es\/accesibilidad\/"]}]},{"@type":"BreadcrumbList","@id":"https:\/\/phacus.com\/es\/accesibilidad\/#breadcrumb","itemListElement":[{"@type":"ListItem","position":1,"name":"Portada","item":"https:\/\/phacus.com\/es\/"},{"@type":"ListItem","position":2,"name":"Accesibilidad"}]},{"@type":"WebSite","@id":"https:\/\/phacus.com\/es\/#website","url":"https:\/\/phacus.com\/es\/","name":"Phacus","description":"Cesc Cam\u00ed","publisher":{"@id":"https:\/\/phacus.com\/es\/#organization"},"potentialAction":[{"@type":"SearchAction","target":{"@type":"EntryPoint","urlTemplate":"https:\/\/phacus.com\/es\/?s={search_term_string}"},"query-input":{"@type":"PropertyValueSpecification","valueRequired":true,"valueName":"search_term_string"}}],"inLanguage":"es"},{"@type":"Organization","@id":"https:\/\/phacus.com\/es\/#organization","name":"Phacus","url":"https:\/\/phacus.com\/es\/","logo":{"@type":"ImageObject","inLanguage":"es","@id":"https:\/\/phacus.com\/es\/#\/schema\/logo\/image\/","url":"https:\/\/phacus.com\/wp-content\/uploads\/2023\/10\/Logo-Phacus-1-linea-1.png","contentUrl":"https:\/\/phacus.com\/wp-content\/uploads\/2023\/10\/Logo-Phacus-1-linea-1.png","width":7578,"height":1092,"caption":"Phacus"},"image":{"@id":"https:\/\/phacus.com\/es\/#\/schema\/logo\/image\/"}}]}},"_links":{"self":[{"href":"https:\/\/phacus.com\/es\/wp-json\/wp\/v2\/pages\/2516","targetHints":{"allow":["GET"]}}],"collection":[{"href":"https:\/\/phacus.com\/es\/wp-json\/wp\/v2\/pages"}],"about":[{"href":"https:\/\/phacus.com\/es\/wp-json\/wp\/v2\/types\/page"}],"author":[{"embeddable":true,"href":"https:\/\/phacus.com\/es\/wp-json\/wp\/v2\/users\/1"}],"replies":[{"embeddable":true,"href":"https:\/\/phacus.com\/es\/wp-json\/wp\/v2\/comments?post=2516"}],"version-history":[{"count":17,"href":"https:\/\/phacus.com\/es\/wp-json\/wp\/v2\/pages\/2516\/revisions"}],"predecessor-version":[{"id":3297,"href":"https:\/\/phacus.com\/es\/wp-json\/wp\/v2\/pages\/2516\/revisions\/3297"}],"wp:attachment":[{"href":"https:\/\/phacus.com\/es\/wp-json\/wp\/v2\/media?parent=2516"}],"curies":[{"name":"wp","href":"https:\/\/api.w.org\/{rel}","templated":true}]}}